{"id":2683,"date":"2020-10-13T05:28:39","date_gmt":"2020-10-13T03:28:39","guid":{"rendered":"https:\/\/www.caribaea.org\/?page_id=2683"},"modified":"2023-02-07T02:59:19","modified_gmt":"2023-02-07T01:59:19","slug":"interactions-entre-especes-endemiques-de-la-caraibe-insulaire-et-especes-exotiques-envahissantes","status":"publish","type":"page","link":"https:\/\/www.caribaea.org\/fr\/nos-projets\/interactions-entre-especes-endemiques-de-la-caraibe-insulaire-et-especes-exotiques-envahissantes\/","title":{"rendered":"Interactions entre esp\u00e8ces end\u00e9miques de la Cara\u00efbe insulaire et esp\u00e8ces exotiques envahissantes"},"content":{"rendered":"<div id=\"pl-2683\"  class=\"panel-layout\" ><div id=\"pg-2683-0\"  class=\"panel-grid panel-no-style\" ><div id=\"pgc-2683-0-0\"  class=\"panel-grid-cell\" ><div id=\"panel-2683-0-0-0\" class=\"so-panel widget widget_sow-editor panel-first-child panel-last-child\" data-index=\"0\" ><div\n\t\t\t\n\t\t\tclass=\"so-widget-sow-editor so-widget-sow-editor-base\"\n\t\t\t\n\t\t>\n<div class=\"siteorigin-widget-tinymce textwidget\">\n\t<p class=\"lead\">Les esp\u00e8ces exotiques envahissantes constituent une menace majeure pour la biodiversit\u00e9, particuli\u00e8rement en milieu insulaire. Notre capacit\u00e9 \u00e0 pr\u00e9dire, d\u00e9tecter, et, si possible, pr\u00e9venir l'introduction d'esp\u00e8ces exotiques, ou, une fois celles-ci introduites, \u00e0 suivre leur impact sur les \u00e9cosyst\u00e8mes et les esp\u00e8ces natives, d\u00e9pend largement des donn\u00e9es scientifiques.<\/p>\n<p>Nos projets combinent des \u00e9tudes de terrain, des \u00e9tudes g\u00e9n\u00e9tiques et la mod\u00e9lisation math\u00e9matique pour pr\u00e9dire au mieux et \u00e9valuer l'impact des esp\u00e8ces exotiques envahissantes dans la Cara\u00efbe insulaire.<\/p>\n<\/div>\n<\/div><\/div><\/div><\/div><\/div>","protected":false},"excerpt":{"rendered":"<p>Les esp\u00e8ces exotiques envahissantes constituent une menace majeure pour la biodiversit\u00e9, particuli\u00e8rement en milieu insulaire. Notre capacit\u00e9 \u00e0 pr\u00e9dire, d\u00e9tecter, et, si possible, pr\u00e9venir l&rsquo;introduction d&rsquo;esp\u00e8ces exotiques, ou, une fois celles-ci introduites, \u00e0 suivre leur impact sur les \u00e9cosyst\u00e8mes et les esp\u00e8ces natives, d\u00e9pend largement des donn\u00e9es scientifiques. Nos projets combinent des \u00e9tudes de terrain, [&hellip;]<\/p>\n","protected":false},"author":1,"featured_media":3029,"parent":2669,"menu_order":9,"comment_status":"closed","ping_status":"closed","template":"theme-projets.php","meta":{"footnotes":""},"class_list":["post-2683","page","type-page","status-publish","has-post-thumbnail","hentry"],"yoast_head":"<!-- This site is optimized with the Yoast SEO plugin v26.6 - https:\/\/yoast.com\/wordpress\/plugins\/seo\/ -->\n<title>Interactions entre esp\u00e8ces end\u00e9miques de la Cara\u00efbe insulaire et esp\u00e8ces exotiques envahissantes - Caribaea Initiative<\/title>\n<meta name=\"robots\" content=\"index, follow, max-snippet:-1, max-image-preview:large, max-video-preview:-1\" \/>\n<link rel=\"canonical\" href=\"https:\/\/www.caribaea.org\/fr\/nos-projets\/interactions-entre-especes-endemiques-de-la-caraibe-insulaire-et-especes-exotiques-envahissantes\/\" \/>\n<meta property=\"og:locale\" content=\"fr_FR\" \/>\n<meta property=\"og:type\" content=\"article\" \/>\n<meta property=\"og:title\" content=\"Interactions entre esp\u00e8ces end\u00e9miques de la Cara\u00efbe insulaire et esp\u00e8ces exotiques envahissantes - Caribaea Initiative\" \/>\n<meta property=\"og:description\" content=\"Les esp\u00e8ces exotiques envahissantes constituent une menace majeure pour la biodiversit\u00e9, particuli\u00e8rement en milieu insulaire. Notre capacit\u00e9 \u00e0 pr\u00e9dire, d\u00e9tecter, et, si possible, pr\u00e9venir l&#039;introduction d&#039;esp\u00e8ces exotiques, ou, une fois celles-ci introduites, \u00e0 suivre leur impact sur les \u00e9cosyst\u00e8mes et les esp\u00e8ces natives, d\u00e9pend largement des donn\u00e9es scientifiques. Nos projets combinent des \u00e9tudes de terrain, [&hellip;]\" \/>\n<meta property=\"og:url\" content=\"https:\/\/www.caribaea.org\/fr\/nos-projets\/interactions-entre-especes-endemiques-de-la-caraibe-insulaire-et-especes-exotiques-envahissantes\/\" \/>\n<meta property=\"og:site_name\" content=\"Caribaea Initiative\" \/>\n<meta property=\"article:modified_time\" content=\"2023-02-07T01:59:19+00:00\" \/>\n<meta property=\"og:image\" content=\"https:\/\/www.caribaea.org\/wp-content\/uploads\/2020\/10\/trachemys-decorata-900x600-1.jpg\" \/>\n\t<meta property=\"og:image:width\" content=\"900\" \/>\n\t<meta property=\"og:image:height\" content=\"600\" \/>\n\t<meta property=\"og:image:type\" content=\"image\/jpeg\" \/>\n<meta name=\"twitter:card\" content=\"summary_large_image\" \/>\n<script type=\"application\/ld+json\" class=\"yoast-schema-graph\">{\"@context\":\"https:\/\/schema.org\",\"@graph\":[{\"@type\":\"WebPage\",\"@id\":\"https:\/\/www.caribaea.org\/fr\/nos-projets\/interactions-entre-especes-endemiques-de-la-caraibe-insulaire-et-especes-exotiques-envahissantes\/\",\"url\":\"https:\/\/www.caribaea.org\/fr\/nos-projets\/interactions-entre-especes-endemiques-de-la-caraibe-insulaire-et-especes-exotiques-envahissantes\/\",\"name\":\"Interactions entre esp\u00e8ces end\u00e9miques de la Cara\u00efbe insulaire et esp\u00e8ces exotiques envahissantes - Caribaea Initiative\",\"isPartOf\":{\"@id\":\"https:\/\/www.caribaea.org\/en\/#website\"},\"primaryImageOfPage\":{\"@id\":\"https:\/\/www.caribaea.org\/fr\/nos-projets\/interactions-entre-especes-endemiques-de-la-caraibe-insulaire-et-especes-exotiques-envahissantes\/#primaryimage\"},\"image\":{\"@id\":\"https:\/\/www.caribaea.org\/fr\/nos-projets\/interactions-entre-especes-endemiques-de-la-caraibe-insulaire-et-especes-exotiques-envahissantes\/#primaryimage\"},\"thumbnailUrl\":\"https:\/\/www.caribaea.org\/wp-content\/uploads\/2020\/10\/trachemys-decorata-900x600-1.jpg\",\"datePublished\":\"2020-10-13T03:28:39+00:00\",\"dateModified\":\"2023-02-07T01:59:19+00:00\",\"breadcrumb\":{\"@id\":\"https:\/\/www.caribaea.org\/fr\/nos-projets\/interactions-entre-especes-endemiques-de-la-caraibe-insulaire-et-especes-exotiques-envahissantes\/#breadcrumb\"},\"inLanguage\":\"fr-FR\",\"potentialAction\":[{\"@type\":\"ReadAction\",\"target\":[\"https:\/\/www.caribaea.org\/fr\/nos-projets\/interactions-entre-especes-endemiques-de-la-caraibe-insulaire-et-especes-exotiques-envahissantes\/\"]}]},{\"@type\":\"ImageObject\",\"inLanguage\":\"fr-FR\",\"@id\":\"https:\/\/www.caribaea.org\/fr\/nos-projets\/interactions-entre-especes-endemiques-de-la-caraibe-insulaire-et-especes-exotiques-envahissantes\/#primaryimage\",\"url\":\"https:\/\/www.caribaea.org\/wp-content\/uploads\/2020\/10\/trachemys-decorata-900x600-1.jpg\",\"contentUrl\":\"https:\/\/www.caribaea.org\/wp-content\/uploads\/2020\/10\/trachemys-decorata-900x600-1.jpg\",\"width\":900,\"height\":600,\"caption\":\"Trachemys decorata \u00a9 Brian Gratwicke\"},{\"@type\":\"BreadcrumbList\",\"@id\":\"https:\/\/www.caribaea.org\/fr\/nos-projets\/interactions-entre-especes-endemiques-de-la-caraibe-insulaire-et-especes-exotiques-envahissantes\/#breadcrumb\",\"itemListElement\":[{\"@type\":\"ListItem\",\"position\":1,\"name\":\"Accueil\",\"item\":\"https:\/\/www.caribaea.org\/fr\/\"},{\"@type\":\"ListItem\",\"position\":2,\"name\":\"Nos projets\",\"item\":\"https:\/\/www.caribaea.org\/fr\/nos-projets\/\"},{\"@type\":\"ListItem\",\"position\":3,\"name\":\"Interactions entre esp\u00e8ces end\u00e9miques de la Cara\u00efbe insulaire et esp\u00e8ces exotiques envahissantes\"}]},{\"@type\":\"WebSite\",\"@id\":\"https:\/\/www.caribaea.org\/en\/#website\",\"url\":\"https:\/\/www.caribaea.org\/en\/\",\"name\":\"Caribaea Initiative\",\"description\":\"\",\"potentialAction\":[{\"@type\":\"SearchAction\",\"target\":{\"@type\":\"EntryPoint\",\"urlTemplate\":\"https:\/\/www.caribaea.org\/en\/?s={search_term_string}\"},\"query-input\":{\"@type\":\"PropertyValueSpecification\",\"valueRequired\":true,\"valueName\":\"search_term_string\"}}],\"inLanguage\":\"fr-FR\"}]}<\/script>\n<!-- \/ Yoast SEO plugin. -->","yoast_head_json":{"title":"Interactions entre esp\u00e8ces end\u00e9miques de la Cara\u00efbe insulaire et esp\u00e8ces exotiques envahissantes - Caribaea Initiative","robots":{"index":"index","follow":"follow","max-snippet":"max-snippet:-1","max-image-preview":"max-image-preview:large","max-video-preview":"max-video-preview:-1"},"canonical":"https:\/\/www.caribaea.org\/fr\/nos-projets\/interactions-entre-especes-endemiques-de-la-caraibe-insulaire-et-especes-exotiques-envahissantes\/","og_locale":"fr_FR","og_type":"article","og_title":"Interactions entre esp\u00e8ces end\u00e9miques de la Cara\u00efbe insulaire et esp\u00e8ces exotiques envahissantes - Caribaea Initiative","og_description":"Les esp\u00e8ces exotiques envahissantes constituent une menace majeure pour la biodiversit\u00e9, particuli\u00e8rement en milieu insulaire. Notre capacit\u00e9 \u00e0 pr\u00e9dire, d\u00e9tecter, et, si possible, pr\u00e9venir l'introduction d'esp\u00e8ces exotiques, ou, une fois celles-ci introduites, \u00e0 suivre leur impact sur les \u00e9cosyst\u00e8mes et les esp\u00e8ces natives, d\u00e9pend largement des donn\u00e9es scientifiques. Nos projets combinent des \u00e9tudes de terrain, [&hellip;]","og_url":"https:\/\/www.caribaea.org\/fr\/nos-projets\/interactions-entre-especes-endemiques-de-la-caraibe-insulaire-et-especes-exotiques-envahissantes\/","og_site_name":"Caribaea Initiative","article_modified_time":"2023-02-07T01:59:19+00:00","og_image":[{"width":900,"height":600,"url":"https:\/\/www.caribaea.org\/wp-content\/uploads\/2020\/10\/trachemys-decorata-900x600-1.jpg","type":"image\/jpeg"}],"twitter_card":"summary_large_image","schema":{"@context":"https:\/\/schema.org","@graph":[{"@type":"WebPage","@id":"https:\/\/www.caribaea.org\/fr\/nos-projets\/interactions-entre-especes-endemiques-de-la-caraibe-insulaire-et-especes-exotiques-envahissantes\/","url":"https:\/\/www.caribaea.org\/fr\/nos-projets\/interactions-entre-especes-endemiques-de-la-caraibe-insulaire-et-especes-exotiques-envahissantes\/","name":"Interactions entre esp\u00e8ces end\u00e9miques de la Cara\u00efbe insulaire et esp\u00e8ces exotiques envahissantes - Caribaea Initiative","isPartOf":{"@id":"https:\/\/www.caribaea.org\/en\/#website"},"primaryImageOfPage":{"@id":"https:\/\/www.caribaea.org\/fr\/nos-projets\/interactions-entre-especes-endemiques-de-la-caraibe-insulaire-et-especes-exotiques-envahissantes\/#primaryimage"},"image":{"@id":"https:\/\/www.caribaea.org\/fr\/nos-projets\/interactions-entre-especes-endemiques-de-la-caraibe-insulaire-et-especes-exotiques-envahissantes\/#primaryimage"},"thumbnailUrl":"https:\/\/www.caribaea.org\/wp-content\/uploads\/2020\/10\/trachemys-decorata-900x600-1.jpg","datePublished":"2020-10-13T03:28:39+00:00","dateModified":"2023-02-07T01:59:19+00:00","breadcrumb":{"@id":"https:\/\/www.caribaea.org\/fr\/nos-projets\/interactions-entre-especes-endemiques-de-la-caraibe-insulaire-et-especes-exotiques-envahissantes\/#breadcrumb"},"inLanguage":"fr-FR","potentialAction":[{"@type":"ReadAction","target":["https:\/\/www.caribaea.org\/fr\/nos-projets\/interactions-entre-especes-endemiques-de-la-caraibe-insulaire-et-especes-exotiques-envahissantes\/"]}]},{"@type":"ImageObject","inLanguage":"fr-FR","@id":"https:\/\/www.caribaea.org\/fr\/nos-projets\/interactions-entre-especes-endemiques-de-la-caraibe-insulaire-et-especes-exotiques-envahissantes\/#primaryimage","url":"https:\/\/www.caribaea.org\/wp-content\/uploads\/2020\/10\/trachemys-decorata-900x600-1.jpg","contentUrl":"https:\/\/www.caribaea.org\/wp-content\/uploads\/2020\/10\/trachemys-decorata-900x600-1.jpg","width":900,"height":600,"caption":"Trachemys decorata \u00a9 Brian Gratwicke"},{"@type":"BreadcrumbList","@id":"https:\/\/www.caribaea.org\/fr\/nos-projets\/interactions-entre-especes-endemiques-de-la-caraibe-insulaire-et-especes-exotiques-envahissantes\/#breadcrumb","itemListElement":[{"@type":"ListItem","position":1,"name":"Accueil","item":"https:\/\/www.caribaea.org\/fr\/"},{"@type":"ListItem","position":2,"name":"Nos projets","item":"https:\/\/www.caribaea.org\/fr\/nos-projets\/"},{"@type":"ListItem","position":3,"name":"Interactions entre esp\u00e8ces end\u00e9miques de la Cara\u00efbe insulaire et esp\u00e8ces exotiques envahissantes"}]},{"@type":"WebSite","@id":"https:\/\/www.caribaea.org\/en\/#website","url":"https:\/\/www.caribaea.org\/en\/","name":"Caribaea Initiative","description":"","potentialAction":[{"@type":"SearchAction","target":{"@type":"EntryPoint","urlTemplate":"https:\/\/www.caribaea.org\/en\/?s={search_term_string}"},"query-input":{"@type":"PropertyValueSpecification","valueRequired":true,"valueName":"search_term_string"}}],"inLanguage":"fr-FR"}]}},"_links":{"self":[{"href":"https:\/\/www.caribaea.org\/fr\/wp-json\/wp\/v2\/pages\/2683","targetHints":{"allow":["GET"]}}],"collection":[{"href":"https:\/\/www.caribaea.org\/fr\/wp-json\/wp\/v2\/pages"}],"about":[{"href":"https:\/\/www.caribaea.org\/fr\/wp-json\/wp\/v2\/types\/page"}],"author":[{"embeddable":true,"href":"https:\/\/www.caribaea.org\/fr\/wp-json\/wp\/v2\/users\/1"}],"replies":[{"embeddable":true,"href":"https:\/\/www.caribaea.org\/fr\/wp-json\/wp\/v2\/comments?post=2683"}],"version-history":[{"count":3,"href":"https:\/\/www.caribaea.org\/fr\/wp-json\/wp\/v2\/pages\/2683\/revisions"}],"predecessor-version":[{"id":4965,"href":"https:\/\/www.caribaea.org\/fr\/wp-json\/wp\/v2\/pages\/2683\/revisions\/4965"}],"up":[{"embeddable":true,"href":"https:\/\/www.caribaea.org\/fr\/wp-json\/wp\/v2\/pages\/2669"}],"wp:featuredmedia":[{"embeddable":true,"href":"https:\/\/www.caribaea.org\/fr\/wp-json\/wp\/v2\/media\/3029"}],"wp:attachment":[{"href":"https:\/\/www.caribaea.org\/fr\/wp-json\/wp\/v2\/media?parent=2683"}],"curies":[{"name":"wp","href":"https:\/\/api.w.org\/{rel}","templated":true}]}}