{"id":2829,"date":"2020-10-28T20:52:35","date_gmt":"2020-10-28T19:52:35","guid":{"rendered":"https:\/\/www.caribaea.org\/?page_id=2829"},"modified":"2025-11-04T15:47:38","modified_gmt":"2025-11-04T14:47:38","slug":"videos","status":"publish","type":"page","link":"https:\/\/www.caribaea.org\/fr\/communication\/videos\/","title":{"rendered":"Vid\u00e9os"},"content":{"rendered":"<div id=\"pl-2829\"  class=\"panel-layout\" ><div id=\"pg-2829-0\"  class=\"panel-grid panel-no-style\" ><div id=\"pgc-2829-0-0\"  class=\"panel-grid-cell\" ><div id=\"panel-2829-0-0-0\" class=\"so-panel widget widget_sow-editor panel-first-child panel-last-child\" data-index=\"0\" ><div\n\t\t\t\n\t\t\tclass=\"so-widget-sow-editor so-widget-sow-editor-base\"\n\t\t\t\n\t\t>\n<div class=\"siteorigin-widget-tinymce textwidget\">\n\t<p><a href=\"https:\/\/www.youtube.com\/channel\/UCg-xFASyWhF6cIGR6KgFq2w\/videos\" target=\"_blank\" rel=\"noopener noreferrer\"><img loading=\"lazy\" decoding=\"async\" class=\"alignleft wp-image-6942 size-thumbnail\" src=\"https:\/\/www.caribaea.org\/wp-content\/uploads\/2022\/08\/youtube-500x500-1-150x150.png\" alt=\"\" width=\"150\" height=\"150\" srcset=\"https:\/\/www.caribaea.org\/wp-content\/uploads\/2022\/08\/youtube-500x500-1-150x150.png 150w, https:\/\/www.caribaea.org\/wp-content\/uploads\/2022\/08\/youtube-500x500-1-300x300.png 300w, https:\/\/www.caribaea.org\/wp-content\/uploads\/2022\/08\/youtube-500x500-1-80x80.png 80w, https:\/\/www.caribaea.org\/wp-content\/uploads\/2022\/08\/youtube-500x500-1-100x100.png 100w, https:\/\/www.caribaea.org\/wp-content\/uploads\/2022\/08\/youtube-500x500-1.png 500w\" sizes=\"auto, (max-width: 150px) 100vw, 150px\" \/><\/a><\/p>\n<p>&nbsp;<\/p>\n<p>Rendez-vous sur <a href=\"https:\/\/www.youtube.com\/channel\/UCg-xFASyWhF6cIGR6KgFq2w\/videos\" target=\"_blank\" rel=\"noopener noreferrer\">notre chaine YouTube<\/a> pour acc\u00e9der \u00e0 l'ensemble des vid\u00e9os<br \/>\nou visionnez nos derni\u00e8res vid\u00e9os directement sur cette page<\/p>\n<\/div>\n<\/div><\/div><\/div><\/div><div id=\"pg-2829-1\"  class=\"panel-grid panel-no-style\" ><div id=\"pgc-2829-1-0\"  class=\"panel-grid-cell panel-grid-cell-mobile-last\" ><div id=\"panel-2829-1-0-0\" class=\"so-panel widget widget_media_video panel-first-child panel-last-child\" data-index=\"1\" ><h3 class=\"widget-title\">Pr\u00e9sentation de Caribaea Initiative<\/h3><div style=\"width:100%;\" class=\"wp-video\"><video class=\"wp-video-shortcode\" id=\"video-2829-23\" preload=\"metadata\" controls=\"controls\"><source type=\"video\/youtube\" src=\"https:\/\/youtu.be\/CteLwlCbvUc?_=23\" \/><a href=\"https:\/\/youtu.be\/CteLwlCbvUc\">https:\/\/youtu.be\/CteLwlCbvUc<\/a><\/video><\/div><\/div><\/div><div id=\"pgc-2829-1-1\"  class=\"panel-grid-cell panel-grid-cell-empty\" ><\/div><\/div><div id=\"pg-2829-2\"  class=\"panel-grid panel-no-style\" ><div id=\"pgc-2829-2-0\"  class=\"panel-grid-cell\" ><div id=\"panel-2829-2-0-0\" class=\"so-panel widget widget_spacer-widget panel-first-child\" data-index=\"2\" ><div\n\t\t\t\n\t\t\tclass=\"so-widget-spacer-widget so-widget-spacer-widget-base\"\n\t\t\t\n\t\t>\n<div class=\"clearfix\" style=\"height:30px\"><\/div><\/div><\/div><div id=\"panel-2829-2-0-1\" class=\"so-panel widget widget_sow-headline panel-last-child\" data-index=\"3\" ><div\n\t\t\t\n\t\t\tclass=\"so-widget-sow-headline so-widget-sow-headline-default-1e79a628589b-2829\"\n\t\t\t\n\t\t><div class=\"sow-headline-container \">\n\t\t\t\t\t\t\t<h2 class=\"sow-headline\">\n\t\t\t\t\t\tNos projets\t\t\t\t\t\t<\/h2>\n\t\t\t\t\t\t\t\t\t\t\t<div class=\"decoration\">\n\t\t\t\t\t\t<div class=\"decoration-inside\"><\/div>\n\t\t\t\t\t<\/div>\n\t\t\t\t\t<\/div>\n<\/div><\/div><\/div><\/div><div id=\"pg-2829-3\"  class=\"panel-grid panel-no-style\" ><div id=\"pgc-2829-3-0\"  class=\"panel-grid-cell\" ><div id=\"panel-2829-3-0-0\" class=\"so-panel widget widget_media_video panel-first-child\" data-index=\"4\" ><h3 class=\"widget-title\">Projet DEVIMTOR<\/h3><div style=\"width:100%;\" class=\"wp-video\"><video class=\"wp-video-shortcode\" id=\"video-2829-24\" preload=\"metadata\" controls=\"controls\"><source type=\"video\/youtube\" src=\"https:\/\/youtu.be\/y91caoy3q4A?si=UPd6OyVkaj-PqEcl&#038;_=24\" \/><a href=\"https:\/\/youtu.be\/y91caoy3q4A?si=UPd6OyVkaj-PqEcl\">https:\/\/youtu.be\/y91caoy3q4A?si=UPd6OyVkaj-PqEcl<\/a><\/video><\/div><\/div><div id=\"panel-2829-3-0-1\" class=\"so-panel widget widget_media_video\" data-index=\"5\" ><h3 class=\"widget-title\">Projet MERCI &#8211; mission geckos<\/h3><div style=\"width:100%;\" class=\"wp-video\"><video class=\"wp-video-shortcode\" id=\"video-2829-25\" preload=\"metadata\" controls=\"controls\"><source type=\"video\/youtube\" src=\"https:\/\/youtu.be\/wEj8KJ9OdxY?_=25\" \/><a href=\"https:\/\/youtu.be\/wEj8KJ9OdxY\">https:\/\/youtu.be\/wEj8KJ9OdxY<\/a><\/video><\/div><\/div><div id=\"panel-2829-3-0-2\" class=\"so-panel widget widget_media_video panel-last-child\" data-index=\"6\" ><h3 class=\"widget-title\">Projet REVPOL<\/h3><div style=\"width:100%;\" class=\"wp-video\"><video class=\"wp-video-shortcode\" id=\"video-2829-26\" preload=\"metadata\" controls=\"controls\"><source type=\"video\/youtube\" src=\"https:\/\/youtu.be\/iQj1PfeZxhs?_=26\" \/><a href=\"https:\/\/youtu.be\/iQj1PfeZxhs\">https:\/\/youtu.be\/iQj1PfeZxhs<\/a><\/video><\/div><\/div><\/div><div id=\"pgc-2829-3-1\"  class=\"panel-grid-cell\" ><div id=\"panel-2829-3-1-0\" class=\"so-panel widget widget_media_video panel-first-child\" data-index=\"7\" ><h3 class=\"widget-title\">Le Merle de la Selle en Ha\u00efti<\/h3><div style=\"width:100%;\" class=\"wp-video\"><video class=\"wp-video-shortcode\" id=\"video-2829-27\" preload=\"metadata\" controls=\"controls\"><source type=\"video\/youtube\" src=\"https:\/\/youtu.be\/MhxJ6Y7xVhg?_=27\" \/><a href=\"https:\/\/youtu.be\/MhxJ6Y7xVhg\">https:\/\/youtu.be\/MhxJ6Y7xVhg<\/a><\/video><\/div><\/div><div id=\"panel-2829-3-1-1\" class=\"so-panel widget widget_media_video\" data-index=\"8\" ><h3 class=\"widget-title\">Projet MERCI &#8211; r\u00e9sum\u00e9<\/h3><div style=\"width:100%;\" class=\"wp-video\"><video class=\"wp-video-shortcode\" id=\"video-2829-28\" preload=\"metadata\" controls=\"controls\"><source type=\"video\/youtube\" src=\"https:\/\/youtu.be\/61FiFZmRXFc?si=QuM8gO6GDLaZo5W0&#038;_=28\" \/><a href=\"https:\/\/youtu.be\/61FiFZmRXFc?si=QuM8gO6GDLaZo5W0\">https:\/\/youtu.be\/61FiFZmRXFc?si=QuM8gO6GDLaZo5W0<\/a><\/video><\/div><\/div><div id=\"panel-2829-3-1-2\" class=\"so-panel widget widget_media_video panel-last-child\" data-index=\"9\" ><h3 class=\"widget-title\">Projet PROSPOVERG<\/h3><div style=\"width:100%;\" class=\"wp-video\"><video class=\"wp-video-shortcode\" id=\"video-2829-29\" preload=\"metadata\" controls=\"controls\"><source type=\"video\/youtube\" src=\"https:\/\/youtu.be\/f0mFreDvxEI?_=29\" \/><a href=\"https:\/\/youtu.be\/f0mFreDvxEI\">https:\/\/youtu.be\/f0mFreDvxEI<\/a><\/video><\/div><\/div><\/div><div id=\"pgc-2829-3-2\"  class=\"panel-grid-cell\" ><div id=\"panel-2829-3-2-0\" class=\"so-panel widget widget_media_video panel-first-child\" data-index=\"10\" ><h3 class=\"widget-title\">Projet MERCI &#8211; pr\u00e9sentation<\/h3><div style=\"width:100%;\" class=\"wp-video\"><video class=\"wp-video-shortcode\" id=\"video-2829-30\" preload=\"metadata\" controls=\"controls\"><source type=\"video\/youtube\" src=\"https:\/\/youtu.be\/4BwmTnUm_84?_=30\" \/><a href=\"https:\/\/youtu.be\/4BwmTnUm_84\">https:\/\/youtu.be\/4BwmTnUm_84<\/a><\/video><\/div><\/div><div id=\"panel-2829-3-2-1\" class=\"so-panel widget widget_media_video\" data-index=\"11\" ><h3 class=\"widget-title\">Projet MERCI &#8211; mission tortues<\/h3><div style=\"width:100%;\" class=\"wp-video\"><video class=\"wp-video-shortcode\" id=\"video-2829-31\" preload=\"metadata\" controls=\"controls\"><source type=\"video\/youtube\" src=\"https:\/\/youtu.be\/x8MrMYQ0TPs?_=31\" \/><a href=\"https:\/\/youtu.be\/x8MrMYQ0TPs\">https:\/\/youtu.be\/x8MrMYQ0TPs<\/a><\/video><\/div><\/div><div id=\"panel-2829-3-2-2\" class=\"so-panel widget widget_media_video panel-last-child\" data-index=\"12\" ><h3 class=\"widget-title\">A la recherche des libellules en Ha\u00efti<\/h3><div style=\"width:100%;\" class=\"wp-video\"><video class=\"wp-video-shortcode\" id=\"video-2829-32\" preload=\"metadata\" controls=\"controls\"><source type=\"video\/youtube\" src=\"https:\/\/youtu.be\/4cp6bv9UxOA?_=32\" \/><a href=\"https:\/\/youtu.be\/4cp6bv9UxOA\">https:\/\/youtu.be\/4cp6bv9UxOA<\/a><\/video><\/div><\/div><\/div><\/div><div id=\"pg-2829-4\"  class=\"panel-grid panel-no-style\" ><div id=\"pgc-2829-4-0\"  class=\"panel-grid-cell\" ><div id=\"panel-2829-4-0-0\" class=\"so-panel widget widget_spacer-widget panel-first-child\" data-index=\"13\" ><div\n\t\t\t\n\t\t\tclass=\"so-widget-spacer-widget so-widget-spacer-widget-base\"\n\t\t\t\n\t\t>\n<div class=\"clearfix\" style=\"height:30px\"><\/div><\/div><\/div><div id=\"panel-2829-4-0-1\" class=\"so-panel widget widget_sow-headline panel-last-child\" data-index=\"14\" ><div\n\t\t\t\n\t\t\tclass=\"so-widget-sow-headline so-widget-sow-headline-default-1e79a628589b-2829\"\n\t\t\t\n\t\t><div class=\"sow-headline-container \">\n\t\t\t\t\t\t\t<h2 class=\"sow-headline\">\n\t\t\t\t\t\tInterviews de nos \u00e9tudiants\t\t\t\t\t\t<\/h2>\n\t\t\t\t\t\t\t\t\t\t\t<div class=\"decoration\">\n\t\t\t\t\t\t<div class=\"decoration-inside\"><\/div>\n\t\t\t\t\t<\/div>\n\t\t\t\t\t<\/div>\n<\/div><\/div><\/div><\/div><div id=\"pg-2829-5\"  class=\"panel-grid panel-no-style\" ><div id=\"pgc-2829-5-0\"  class=\"panel-grid-cell\" ><div id=\"panel-2829-5-0-0\" class=\"so-panel widget widget_media_video panel-first-child\" data-index=\"15\" ><h3 class=\"widget-title\">Jean-Marry Exantus<\/h3><div style=\"width:100%;\" class=\"wp-video\"><video class=\"wp-video-shortcode\" id=\"video-2829-33\" preload=\"metadata\" controls=\"controls\"><source type=\"video\/youtube\" src=\"https:\/\/youtu.be\/GvHyQgc6h6M?si=pbStnnILX_sCofAo&#038;_=33\" \/><a href=\"https:\/\/youtu.be\/GvHyQgc6h6M?si=pbStnnILX_sCofAo\">https:\/\/youtu.be\/GvHyQgc6h6M?si=pbStnnILX_sCofAo<\/a><\/video><\/div><\/div><div id=\"panel-2829-5-0-1\" class=\"so-panel widget widget_media_video\" data-index=\"16\" ><h3 class=\"widget-title\">Yuna M\u00e9lane<\/h3><div style=\"width:100%;\" class=\"wp-video\"><video class=\"wp-video-shortcode\" id=\"video-2829-34\" preload=\"metadata\" controls=\"controls\"><source type=\"video\/youtube\" src=\"https:\/\/youtu.be\/ypvZ_sTxtno?_=34\" \/><a href=\"https:\/\/youtu.be\/ypvZ_sTxtno\">https:\/\/youtu.be\/ypvZ_sTxtno<\/a><\/video><\/div><\/div><div id=\"panel-2829-5-0-2\" class=\"so-panel widget widget_media_video panel-last-child\" data-index=\"17\" ><h3 class=\"widget-title\">Gloria Chance<\/h3><div style=\"width:100%;\" class=\"wp-video\"><video class=\"wp-video-shortcode\" id=\"video-2829-35\" preload=\"metadata\" controls=\"controls\"><source type=\"video\/youtube\" src=\"https:\/\/youtu.be\/isl1guOxUiY?_=35\" \/><a href=\"https:\/\/youtu.be\/isl1guOxUiY\">https:\/\/youtu.be\/isl1guOxUiY<\/a><\/video><\/div><\/div><\/div><div id=\"pgc-2829-5-1\"  class=\"panel-grid-cell\" ><div id=\"panel-2829-5-1-0\" class=\"so-panel widget widget_media_video panel-first-child\" data-index=\"18\" ><h3 class=\"widget-title\">Annabelle Vidal<\/h3><div style=\"width:100%;\" class=\"wp-video\"><video class=\"wp-video-shortcode\" id=\"video-2829-36\" preload=\"metadata\" controls=\"controls\"><source type=\"video\/youtube\" src=\"https:\/\/youtu.be\/mB-XjjGe5dc?_=36\" \/><a href=\"https:\/\/youtu.be\/mB-XjjGe5dc\">https:\/\/youtu.be\/mB-XjjGe5dc<\/a><\/video><\/div><\/div><div id=\"panel-2829-5-1-1\" class=\"so-panel widget widget_media_video panel-last-child\" data-index=\"19\" ><h3 class=\"widget-title\">Maryne Romuald<\/h3><div style=\"width:100%;\" class=\"wp-video\"><video class=\"wp-video-shortcode\" id=\"video-2829-37\" preload=\"metadata\" controls=\"controls\"><source type=\"video\/youtube\" src=\"https:\/\/youtu.be\/dK_h_urUIq8?_=37\" \/><a href=\"https:\/\/youtu.be\/dK_h_urUIq8\">https:\/\/youtu.be\/dK_h_urUIq8<\/a><\/video><\/div><\/div><\/div><div id=\"pgc-2829-5-2\"  class=\"panel-grid-cell\" ><div id=\"panel-2829-5-2-0\" class=\"so-panel widget widget_media_video panel-first-child\" data-index=\"20\" ><h3 class=\"widget-title\">Christopher Cambrone<\/h3><div style=\"width:100%;\" class=\"wp-video\"><video class=\"wp-video-shortcode\" id=\"video-2829-38\" preload=\"metadata\" controls=\"controls\"><source type=\"video\/youtube\" src=\"https:\/\/youtu.be\/7OsmYdjeMFs?_=38\" \/><a href=\"https:\/\/youtu.be\/7OsmYdjeMFs\">https:\/\/youtu.be\/7OsmYdjeMFs<\/a><\/video><\/div><\/div><div id=\"panel-2829-5-2-1\" class=\"so-panel widget widget_media_video panel-last-child\" data-index=\"21\" ><h3 class=\"widget-title\">[EN] Nicole Atherley<\/h3><div style=\"width:100%;\" class=\"wp-video\"><video class=\"wp-video-shortcode\" id=\"video-2829-39\" preload=\"metadata\" controls=\"controls\"><source type=\"video\/youtube\" src=\"https:\/\/youtu.be\/zjVXPNWkyFU?_=39\" \/><a href=\"https:\/\/youtu.be\/zjVXPNWkyFU\">https:\/\/youtu.be\/zjVXPNWkyFU<\/a><\/video><\/div><\/div><\/div><\/div><div id=\"pg-2829-6\"  class=\"panel-grid panel-no-style\" ><div id=\"pgc-2829-6-0\"  class=\"panel-grid-cell\" ><div id=\"panel-2829-6-0-0\" class=\"so-panel widget widget_spacer-widget panel-first-child\" data-index=\"22\" ><div\n\t\t\t\n\t\t\tclass=\"so-widget-spacer-widget so-widget-spacer-widget-base\"\n\t\t\t\n\t\t>\n<div class=\"clearfix\" style=\"height:30px\"><\/div><\/div><\/div><div id=\"panel-2829-6-0-1\" class=\"so-panel widget widget_sow-headline panel-last-child\" data-index=\"23\" ><div\n\t\t\t\n\t\t\tclass=\"so-widget-sow-headline so-widget-sow-headline-default-1e79a628589b-2829\"\n\t\t\t\n\t\t><div class=\"sow-headline-container \">\n\t\t\t\t\t\t\t<h2 class=\"sow-headline\">\n\t\t\t\t\t\tMini-reportages\t\t\t\t\t\t<\/h2>\n\t\t\t\t\t\t\t\t\t\t\t<div class=\"decoration\">\n\t\t\t\t\t\t<div class=\"decoration-inside\"><\/div>\n\t\t\t\t\t<\/div>\n\t\t\t\t\t<\/div>\n<\/div><\/div><\/div><\/div><div id=\"pg-2829-7\"  class=\"panel-grid panel-no-style\" ><div id=\"pgc-2829-7-0\"  class=\"panel-grid-cell\" ><div id=\"panel-2829-7-0-0\" class=\"so-panel widget widget_media_video panel-first-child\" data-index=\"24\" ><h3 class=\"widget-title\">Le Pic de la Guadeloupe<\/h3><div style=\"width:100%;\" class=\"wp-video\"><video class=\"wp-video-shortcode\" id=\"video-2829-40\" preload=\"metadata\" controls=\"controls\"><source type=\"video\/youtube\" src=\"https:\/\/youtu.be\/AEPZmaSUpg0?_=40\" \/><a href=\"https:\/\/youtu.be\/AEPZmaSUpg0\">https:\/\/youtu.be\/AEPZmaSUpg0<\/a><\/video><\/div><\/div><div id=\"panel-2829-7-0-1\" class=\"so-panel widget widget_media_video panel-last-child\" data-index=\"25\" ><h3 class=\"widget-title\">Le monde des papillons<\/h3><div style=\"width:100%;\" class=\"wp-video\"><video class=\"wp-video-shortcode\" id=\"video-2829-41\" preload=\"metadata\" controls=\"controls\"><source type=\"video\/youtube\" src=\"https:\/\/youtu.be\/K65-kwTjZaI?_=41\" \/><a href=\"https:\/\/youtu.be\/K65-kwTjZaI\">https:\/\/youtu.be\/K65-kwTjZaI<\/a><\/video><\/div><\/div><\/div><div id=\"pgc-2829-7-1\"  class=\"panel-grid-cell\" ><div id=\"panel-2829-7-1-0\" class=\"so-panel widget widget_media_video panel-first-child\" data-index=\"26\" ><h3 class=\"widget-title\">Les Esp\u00e8ces Exotiques Envahissantes<\/h3><div style=\"width:100%;\" class=\"wp-video\"><video class=\"wp-video-shortcode\" id=\"video-2829-42\" preload=\"metadata\" controls=\"controls\"><source type=\"video\/youtube\" src=\"https:\/\/youtu.be\/PpfB4yT2pLE?_=42\" \/><a href=\"https:\/\/youtu.be\/PpfB4yT2pLE\">https:\/\/youtu.be\/PpfB4yT2pLE<\/a><\/video><\/div><\/div><div id=\"panel-2829-7-1-1\" class=\"so-panel widget widget_media_video panel-last-child\" data-index=\"27\" ><h3 class=\"widget-title\">Les tortues marines<\/h3><div style=\"width:100%;\" class=\"wp-video\"><video class=\"wp-video-shortcode\" id=\"video-2829-43\" preload=\"metadata\" controls=\"controls\"><source type=\"video\/youtube\" src=\"https:\/\/youtu.be\/X9q2LWSyfjU?_=43\" \/><a href=\"https:\/\/youtu.be\/X9q2LWSyfjU\">https:\/\/youtu.be\/X9q2LWSyfjU<\/a><\/video><\/div><\/div><\/div><div id=\"pgc-2829-7-2\"  class=\"panel-grid-cell\" ><div id=\"panel-2829-7-2-0\" class=\"so-panel widget widget_media_video panel-first-child panel-last-child\" data-index=\"28\" ><h3 class=\"widget-title\">Les reptiles<\/h3><div style=\"width:100%;\" class=\"wp-video\"><video class=\"wp-video-shortcode\" id=\"video-2829-44\" preload=\"metadata\" controls=\"controls\"><source type=\"video\/youtube\" src=\"https:\/\/youtu.be\/1e2TUlAipu4?_=44\" \/><a href=\"https:\/\/youtu.be\/1e2TUlAipu4\">https:\/\/youtu.be\/1e2TUlAipu4<\/a><\/video><\/div><\/div><\/div><\/div><\/div>","protected":false},"excerpt":{"rendered":"<p>&nbsp; Rendez-vous sur notre chaine YouTube pour acc\u00e9der \u00e0 l&rsquo;ensemble des vid\u00e9os ou visionnez nos derni\u00e8res vid\u00e9os directement sur cette page<\/p>\n","protected":false},"author":1,"featured_media":0,"parent":5201,"menu_order":4,"comment_status":"closed","ping_status":"closed","template":"","meta":{"footnotes":""},"class_list":["post-2829","page","type-page","status-publish","hentry"],"yoast_head":"<!-- This site is optimized with the Yoast SEO plugin v26.6 - https:\/\/yoast.com\/wordpress\/plugins\/seo\/ -->\n<title>Vid\u00e9os - Caribaea Initiative<\/title>\n<meta name=\"robots\" content=\"index, follow, max-snippet:-1, max-image-preview:large, max-video-preview:-1\" \/>\n<link rel=\"canonical\" href=\"https:\/\/www.caribaea.org\/fr\/communication\/videos\/\" \/>\n<meta property=\"og:locale\" content=\"fr_FR\" \/>\n<meta property=\"og:type\" content=\"article\" \/>\n<meta property=\"og:title\" content=\"Vid\u00e9os - Caribaea Initiative\" \/>\n<meta property=\"og:description\" content=\"&nbsp; Rendez-vous sur notre chaine YouTube pour acc\u00e9der \u00e0 l&#039;ensemble des vid\u00e9os ou visionnez nos derni\u00e8res vid\u00e9os directement sur cette page\" \/>\n<meta property=\"og:url\" content=\"https:\/\/www.caribaea.org\/fr\/communication\/videos\/\" \/>\n<meta property=\"og:site_name\" content=\"Caribaea Initiative\" \/>\n<meta property=\"article:modified_time\" content=\"2025-11-04T14:47:38+00:00\" \/>\n<meta property=\"og:image\" content=\"https:\/\/www.caribaea.org\/wp-content\/uploads\/2022\/08\/youtube-500x500-1.png\" \/>\n\t<meta property=\"og:image:width\" content=\"500\" \/>\n\t<meta property=\"og:image:height\" content=\"500\" \/>\n\t<meta property=\"og:image:type\" content=\"image\/png\" \/>\n<meta name=\"twitter:card\" content=\"summary_large_image\" \/>\n<meta name=\"twitter:label1\" content=\"Dur\u00e9e de lecture estim\u00e9e\" \/>\n\t<meta name=\"twitter:data1\" content=\"1 minute\" \/>\n<script type=\"application\/ld+json\" class=\"yoast-schema-graph\">{\"@context\":\"https:\/\/schema.org\",\"@graph\":[{\"@type\":\"WebPage\",\"@id\":\"https:\/\/www.caribaea.org\/fr\/communication\/videos\/\",\"url\":\"https:\/\/www.caribaea.org\/fr\/communication\/videos\/\",\"name\":\"Vid\u00e9os - Caribaea Initiative\",\"isPartOf\":{\"@id\":\"https:\/\/www.caribaea.org\/en\/#website\"},\"primaryImageOfPage\":{\"@id\":\"https:\/\/www.caribaea.org\/fr\/communication\/videos\/#primaryimage\"},\"image\":{\"@id\":\"https:\/\/www.caribaea.org\/fr\/communication\/videos\/#primaryimage\"},\"thumbnailUrl\":\"https:\/\/www.caribaea.org\/wp-content\/uploads\/2022\/08\/youtube-500x500-1-150x150.png\",\"datePublished\":\"2020-10-28T19:52:35+00:00\",\"dateModified\":\"2025-11-04T14:47:38+00:00\",\"breadcrumb\":{\"@id\":\"https:\/\/www.caribaea.org\/fr\/communication\/videos\/#breadcrumb\"},\"inLanguage\":\"fr-FR\",\"potentialAction\":[{\"@type\":\"ReadAction\",\"target\":[\"https:\/\/www.caribaea.org\/fr\/communication\/videos\/\"]}]},{\"@type\":\"ImageObject\",\"inLanguage\":\"fr-FR\",\"@id\":\"https:\/\/www.caribaea.org\/fr\/communication\/videos\/#primaryimage\",\"url\":\"https:\/\/www.caribaea.org\/wp-content\/uploads\/2022\/08\/youtube-500x500-1-150x150.png\",\"contentUrl\":\"https:\/\/www.caribaea.org\/wp-content\/uploads\/2022\/08\/youtube-500x500-1-150x150.png\"},{\"@type\":\"BreadcrumbList\",\"@id\":\"https:\/\/www.caribaea.org\/fr\/communication\/videos\/#breadcrumb\",\"itemListElement\":[{\"@type\":\"ListItem\",\"position\":1,\"name\":\"Accueil\",\"item\":\"https:\/\/www.caribaea.org\/fr\/\"},{\"@type\":\"ListItem\",\"position\":2,\"name\":\"Communication\",\"item\":\"https:\/\/www.caribaea.org\/fr\/communication\/\"},{\"@type\":\"ListItem\",\"position\":3,\"name\":\"Vid\u00e9os\"}]},{\"@type\":\"WebSite\",\"@id\":\"https:\/\/www.caribaea.org\/en\/#website\",\"url\":\"https:\/\/www.caribaea.org\/en\/\",\"name\":\"Caribaea Initiative\",\"description\":\"\",\"potentialAction\":[{\"@type\":\"SearchAction\",\"target\":{\"@type\":\"EntryPoint\",\"urlTemplate\":\"https:\/\/www.caribaea.org\/en\/?s={search_term_string}\"},\"query-input\":{\"@type\":\"PropertyValueSpecification\",\"valueRequired\":true,\"valueName\":\"search_term_string\"}}],\"inLanguage\":\"fr-FR\"}]}<\/script>\n<!-- \/ Yoast SEO plugin. -->","yoast_head_json":{"title":"Vid\u00e9os - Caribaea Initiative","robots":{"index":"index","follow":"follow","max-snippet":"max-snippet:-1","max-image-preview":"max-image-preview:large","max-video-preview":"max-video-preview:-1"},"canonical":"https:\/\/www.caribaea.org\/fr\/communication\/videos\/","og_locale":"fr_FR","og_type":"article","og_title":"Vid\u00e9os - Caribaea Initiative","og_description":"&nbsp; Rendez-vous sur notre chaine YouTube pour acc\u00e9der \u00e0 l'ensemble des vid\u00e9os ou visionnez nos derni\u00e8res vid\u00e9os directement sur cette page","og_url":"https:\/\/www.caribaea.org\/fr\/communication\/videos\/","og_site_name":"Caribaea Initiative","article_modified_time":"2025-11-04T14:47:38+00:00","og_image":[{"width":500,"height":500,"url":"https:\/\/www.caribaea.org\/wp-content\/uploads\/2022\/08\/youtube-500x500-1.png","type":"image\/png"}],"twitter_card":"summary_large_image","twitter_misc":{"Dur\u00e9e de lecture estim\u00e9e":"1 minute"},"schema":{"@context":"https:\/\/schema.org","@graph":[{"@type":"WebPage","@id":"https:\/\/www.caribaea.org\/fr\/communication\/videos\/","url":"https:\/\/www.caribaea.org\/fr\/communication\/videos\/","name":"Vid\u00e9os - Caribaea Initiative","isPartOf":{"@id":"https:\/\/www.caribaea.org\/en\/#website"},"primaryImageOfPage":{"@id":"https:\/\/www.caribaea.org\/fr\/communication\/videos\/#primaryimage"},"image":{"@id":"https:\/\/www.caribaea.org\/fr\/communication\/videos\/#primaryimage"},"thumbnailUrl":"https:\/\/www.caribaea.org\/wp-content\/uploads\/2022\/08\/youtube-500x500-1-150x150.png","datePublished":"2020-10-28T19:52:35+00:00","dateModified":"2025-11-04T14:47:38+00:00","breadcrumb":{"@id":"https:\/\/www.caribaea.org\/fr\/communication\/videos\/#breadcrumb"},"inLanguage":"fr-FR","potentialAction":[{"@type":"ReadAction","target":["https:\/\/www.caribaea.org\/fr\/communication\/videos\/"]}]},{"@type":"ImageObject","inLanguage":"fr-FR","@id":"https:\/\/www.caribaea.org\/fr\/communication\/videos\/#primaryimage","url":"https:\/\/www.caribaea.org\/wp-content\/uploads\/2022\/08\/youtube-500x500-1-150x150.png","contentUrl":"https:\/\/www.caribaea.org\/wp-content\/uploads\/2022\/08\/youtube-500x500-1-150x150.png"},{"@type":"BreadcrumbList","@id":"https:\/\/www.caribaea.org\/fr\/communication\/videos\/#breadcrumb","itemListElement":[{"@type":"ListItem","position":1,"name":"Accueil","item":"https:\/\/www.caribaea.org\/fr\/"},{"@type":"ListItem","position":2,"name":"Communication","item":"https:\/\/www.caribaea.org\/fr\/communication\/"},{"@type":"ListItem","position":3,"name":"Vid\u00e9os"}]},{"@type":"WebSite","@id":"https:\/\/www.caribaea.org\/en\/#website","url":"https:\/\/www.caribaea.org\/en\/","name":"Caribaea Initiative","description":"","potentialAction":[{"@type":"SearchAction","target":{"@type":"EntryPoint","urlTemplate":"https:\/\/www.caribaea.org\/en\/?s={search_term_string}"},"query-input":{"@type":"PropertyValueSpecification","valueRequired":true,"valueName":"search_term_string"}}],"inLanguage":"fr-FR"}]}},"_links":{"self":[{"href":"https:\/\/www.caribaea.org\/fr\/wp-json\/wp\/v2\/pages\/2829","targetHints":{"allow":["GET"]}}],"collection":[{"href":"https:\/\/www.caribaea.org\/fr\/wp-json\/wp\/v2\/pages"}],"about":[{"href":"https:\/\/www.caribaea.org\/fr\/wp-json\/wp\/v2\/types\/page"}],"author":[{"embeddable":true,"href":"https:\/\/www.caribaea.org\/fr\/wp-json\/wp\/v2\/users\/1"}],"replies":[{"embeddable":true,"href":"https:\/\/www.caribaea.org\/fr\/wp-json\/wp\/v2\/comments?post=2829"}],"version-history":[{"count":5,"href":"https:\/\/www.caribaea.org\/fr\/wp-json\/wp\/v2\/pages\/2829\/revisions"}],"predecessor-version":[{"id":12363,"href":"https:\/\/www.caribaea.org\/fr\/wp-json\/wp\/v2\/pages\/2829\/revisions\/12363"}],"up":[{"embeddable":true,"href":"https:\/\/www.caribaea.org\/fr\/wp-json\/wp\/v2\/pages\/5201"}],"wp:attachment":[{"href":"https:\/\/www.caribaea.org\/fr\/wp-json\/wp\/v2\/media?parent=2829"}],"curies":[{"name":"wp","href":"https:\/\/api.w.org\/{rel}","templated":true}]}}