{"id":2961,"date":"2020-11-10T04:43:52","date_gmt":"2020-11-10T03:43:52","guid":{"rendered":"https:\/\/www.caribaea.org\/?page_id=2961"},"modified":"2025-05-20T10:11:52","modified_gmt":"2025-05-20T08:11:52","slug":"anciens-etudiants","status":"publish","type":"page","link":"https:\/\/www.caribaea.org\/fr\/qui-sommes-nous-caribaea-initiative\/notre-equipe\/anciens-etudiants\/","title":{"rendered":"Anciens \u00e9tudiants"},"content":{"rendered":"<div id=\"pl-2961\"  class=\"panel-layout\" ><div id=\"pg-2961-0\"  class=\"panel-grid panel-has-style\" ><div class=\"siteorigin-panels-stretch panel-row-style panel-row-style-for-2961-0\" data-stretch-type=\"full\" ><div id=\"pgc-2961-0-0\"  class=\"panel-grid-cell\" ><div id=\"panel-2961-0-0-0\" class=\"so-panel widget widget_sow-editor panel-first-child panel-last-child\" data-index=\"0\" ><div\n\t\t\t\n\t\t\tclass=\"so-widget-sow-editor so-widget-sow-editor-base\"\n\t\t\t\n\t\t><h3 class=\"widget-title\">Anciens \u00e9tudiants<\/h3>\n<div class=\"siteorigin-widget-tinymce textwidget\">\n\t<ul style=\"list-style-type: disc; margin: 10px 0 10px 20px;\">\n<li>Norma Anthony (Dominique)<\/li>\n<li>Nicole Atherley (La Barbade)<\/li>\n<li>St\u00e9phane Bance (Guadeloupe)<\/li>\n<li>Rachel Batista-Alvarez (Cuba)<\/li>\n<li>Pierre Michard Beaujour (Ha\u00efti)<\/li>\n<li>Na\u00ebma Beziat (Guadeloupe)<\/li>\n<li>Anaisa Cajigas-Gandia (Cuba)<\/li>\n<li>Gloria Chance (Guadeloupe)<\/li>\n<li>Mariam Curbelo Cruz (Cuba)<\/li>\n<li>Sergio del Castillo (Cuba)<\/li>\n<li>Jean-Marry Exantus (Ha\u00efti)<\/li>\n<li>Yani Fontenla (Cuba)<\/li>\n<li>Jeniece Germain (Trinidad &amp; Tobago)<\/li>\n<li>Saul Gonz\u00e1lez Rosales (Cuba)<\/li>\n<li>Aur\u00e9lie Jean-Pierre (Guadeloupe)<\/li>\n<li>James Josaphat (Ha\u00efti)<\/li>\n<li>Linda Matignon (Guadeloupe)<\/li>\n<li>Leila Palmyre (Guadeloupe)<\/li>\n<li>Jeffey Mackenzy Paul (Ha\u00efti)<\/li>\n<li>Lemuel Familia Rodriguez (R\u00e9publique dominicaine)<\/li>\n<li>Rodet Rodriguez-Silva (Cuba)<\/li>\n<li>Lens Jerry Saint-Louis (Ha\u00efti)<\/li>\n<li>Sandy S\u00e9bastien (Guadeloupe)<\/li>\n<li>Steven Son (Martinique)<\/li>\n<li>Annabelle Vidal (Cuba)<\/li>\n<\/ul>\n<\/div>\n<\/div><\/div><\/div><\/div><\/div><\/div>","protected":false},"excerpt":{"rendered":"<p>Norma Anthony (Dominique) Nicole Atherley (La Barbade) St\u00e9phane Bance (Guadeloupe) Rachel Batista-Alvarez (Cuba) Pierre Michard Beaujour (Ha\u00efti) Na\u00ebma Beziat (Guadeloupe) Anaisa Cajigas-Gandia (Cuba) Gloria Chance (Guadeloupe) Mariam Curbelo Cruz (Cuba) Sergio del Castillo (Cuba) Jean-Marry Exantus (Ha\u00efti) Yani Fontenla (Cuba) Jeniece Germain (Trinidad &amp; Tobago) Saul Gonz\u00e1lez Rosales (Cuba) Aur\u00e9lie Jean-Pierre (Guadeloupe) James Josaphat (Ha\u00efti) [&hellip;]<\/p>\n","protected":false},"author":1,"featured_media":0,"parent":1650,"menu_order":1,"comment_status":"closed","ping_status":"closed","template":"","meta":{"footnotes":""},"class_list":["post-2961","page","type-page","status-publish","hentry"],"yoast_head":"<!-- This site is optimized with the Yoast SEO plugin v26.6 - https:\/\/yoast.com\/wordpress\/plugins\/seo\/ -->\n<title>Anciens \u00e9tudiants - Caribaea Initiative<\/title>\n<meta name=\"robots\" content=\"index, follow, max-snippet:-1, max-image-preview:large, max-video-preview:-1\" \/>\n<link rel=\"canonical\" href=\"https:\/\/www.caribaea.org\/fr\/qui-sommes-nous-caribaea-initiative\/notre-equipe\/anciens-etudiants\/\" \/>\n<meta property=\"og:locale\" content=\"fr_FR\" \/>\n<meta property=\"og:type\" content=\"article\" \/>\n<meta property=\"og:title\" content=\"Anciens \u00e9tudiants - Caribaea Initiative\" \/>\n<meta property=\"og:description\" content=\"Norma Anthony (Dominique) Nicole Atherley (La Barbade) St\u00e9phane Bance (Guadeloupe) Rachel Batista-Alvarez (Cuba) Pierre Michard Beaujour (Ha\u00efti) Na\u00ebma Beziat (Guadeloupe) Anaisa Cajigas-Gandia (Cuba) Gloria Chance (Guadeloupe) Mariam Curbelo Cruz (Cuba) Sergio del Castillo (Cuba) Jean-Marry Exantus (Ha\u00efti) Yani Fontenla (Cuba) Jeniece Germain (Trinidad &amp; Tobago) Saul Gonz\u00e1lez Rosales (Cuba) Aur\u00e9lie Jean-Pierre (Guadeloupe) James Josaphat (Ha\u00efti) [&hellip;]\" \/>\n<meta property=\"og:url\" content=\"https:\/\/www.caribaea.org\/fr\/qui-sommes-nous-caribaea-initiative\/notre-equipe\/anciens-etudiants\/\" \/>\n<meta property=\"og:site_name\" content=\"Caribaea Initiative\" \/>\n<meta property=\"article:modified_time\" content=\"2025-05-20T08:11:52+00:00\" \/>\n<meta name=\"twitter:card\" content=\"summary_large_image\" \/>\n<script type=\"application\/ld+json\" class=\"yoast-schema-graph\">{\"@context\":\"https:\/\/schema.org\",\"@graph\":[{\"@type\":\"WebPage\",\"@id\":\"https:\/\/www.caribaea.org\/fr\/qui-sommes-nous-caribaea-initiative\/notre-equipe\/anciens-etudiants\/\",\"url\":\"https:\/\/www.caribaea.org\/fr\/qui-sommes-nous-caribaea-initiative\/notre-equipe\/anciens-etudiants\/\",\"name\":\"Anciens \u00e9tudiants - Caribaea Initiative\",\"isPartOf\":{\"@id\":\"https:\/\/www.caribaea.org\/en\/#website\"},\"datePublished\":\"2020-11-10T03:43:52+00:00\",\"dateModified\":\"2025-05-20T08:11:52+00:00\",\"breadcrumb\":{\"@id\":\"https:\/\/www.caribaea.org\/fr\/qui-sommes-nous-caribaea-initiative\/notre-equipe\/anciens-etudiants\/#breadcrumb\"},\"inLanguage\":\"fr-FR\",\"potentialAction\":[{\"@type\":\"ReadAction\",\"target\":[\"https:\/\/www.caribaea.org\/fr\/qui-sommes-nous-caribaea-initiative\/notre-equipe\/anciens-etudiants\/\"]}]},{\"@type\":\"BreadcrumbList\",\"@id\":\"https:\/\/www.caribaea.org\/fr\/qui-sommes-nous-caribaea-initiative\/notre-equipe\/anciens-etudiants\/#breadcrumb\",\"itemListElement\":[{\"@type\":\"ListItem\",\"position\":1,\"name\":\"Accueil\",\"item\":\"https:\/\/www.caribaea.org\/fr\/\"},{\"@type\":\"ListItem\",\"position\":2,\"name\":\"Qui sommes-nous ?\",\"item\":\"https:\/\/www.caribaea.org\/fr\/qui-sommes-nous-caribaea-initiative\/\"},{\"@type\":\"ListItem\",\"position\":3,\"name\":\"Notre \u00e9quipe\",\"item\":\"https:\/\/www.caribaea.org\/fr\/qui-sommes-nous-caribaea-initiative\/notre-equipe\/\"},{\"@type\":\"ListItem\",\"position\":4,\"name\":\"Anciens \u00e9tudiants\"}]},{\"@type\":\"WebSite\",\"@id\":\"https:\/\/www.caribaea.org\/en\/#website\",\"url\":\"https:\/\/www.caribaea.org\/en\/\",\"name\":\"Caribaea Initiative\",\"description\":\"\",\"potentialAction\":[{\"@type\":\"SearchAction\",\"target\":{\"@type\":\"EntryPoint\",\"urlTemplate\":\"https:\/\/www.caribaea.org\/en\/?s={search_term_string}\"},\"query-input\":{\"@type\":\"PropertyValueSpecification\",\"valueRequired\":true,\"valueName\":\"search_term_string\"}}],\"inLanguage\":\"fr-FR\"}]}<\/script>\n<!-- \/ Yoast SEO plugin. -->","yoast_head_json":{"title":"Anciens \u00e9tudiants - Caribaea Initiative","robots":{"index":"index","follow":"follow","max-snippet":"max-snippet:-1","max-image-preview":"max-image-preview:large","max-video-preview":"max-video-preview:-1"},"canonical":"https:\/\/www.caribaea.org\/fr\/qui-sommes-nous-caribaea-initiative\/notre-equipe\/anciens-etudiants\/","og_locale":"fr_FR","og_type":"article","og_title":"Anciens \u00e9tudiants - Caribaea Initiative","og_description":"Norma Anthony (Dominique) Nicole Atherley (La Barbade) St\u00e9phane Bance (Guadeloupe) Rachel Batista-Alvarez (Cuba) Pierre Michard Beaujour (Ha\u00efti) Na\u00ebma Beziat (Guadeloupe) Anaisa Cajigas-Gandia (Cuba) Gloria Chance (Guadeloupe) Mariam Curbelo Cruz (Cuba) Sergio del Castillo (Cuba) Jean-Marry Exantus (Ha\u00efti) Yani Fontenla (Cuba) Jeniece Germain (Trinidad &amp; Tobago) Saul Gonz\u00e1lez Rosales (Cuba) Aur\u00e9lie Jean-Pierre (Guadeloupe) James Josaphat (Ha\u00efti) [&hellip;]","og_url":"https:\/\/www.caribaea.org\/fr\/qui-sommes-nous-caribaea-initiative\/notre-equipe\/anciens-etudiants\/","og_site_name":"Caribaea Initiative","article_modified_time":"2025-05-20T08:11:52+00:00","twitter_card":"summary_large_image","schema":{"@context":"https:\/\/schema.org","@graph":[{"@type":"WebPage","@id":"https:\/\/www.caribaea.org\/fr\/qui-sommes-nous-caribaea-initiative\/notre-equipe\/anciens-etudiants\/","url":"https:\/\/www.caribaea.org\/fr\/qui-sommes-nous-caribaea-initiative\/notre-equipe\/anciens-etudiants\/","name":"Anciens \u00e9tudiants - Caribaea Initiative","isPartOf":{"@id":"https:\/\/www.caribaea.org\/en\/#website"},"datePublished":"2020-11-10T03:43:52+00:00","dateModified":"2025-05-20T08:11:52+00:00","breadcrumb":{"@id":"https:\/\/www.caribaea.org\/fr\/qui-sommes-nous-caribaea-initiative\/notre-equipe\/anciens-etudiants\/#breadcrumb"},"inLanguage":"fr-FR","potentialAction":[{"@type":"ReadAction","target":["https:\/\/www.caribaea.org\/fr\/qui-sommes-nous-caribaea-initiative\/notre-equipe\/anciens-etudiants\/"]}]},{"@type":"BreadcrumbList","@id":"https:\/\/www.caribaea.org\/fr\/qui-sommes-nous-caribaea-initiative\/notre-equipe\/anciens-etudiants\/#breadcrumb","itemListElement":[{"@type":"ListItem","position":1,"name":"Accueil","item":"https:\/\/www.caribaea.org\/fr\/"},{"@type":"ListItem","position":2,"name":"Qui sommes-nous ?","item":"https:\/\/www.caribaea.org\/fr\/qui-sommes-nous-caribaea-initiative\/"},{"@type":"ListItem","position":3,"name":"Notre \u00e9quipe","item":"https:\/\/www.caribaea.org\/fr\/qui-sommes-nous-caribaea-initiative\/notre-equipe\/"},{"@type":"ListItem","position":4,"name":"Anciens \u00e9tudiants"}]},{"@type":"WebSite","@id":"https:\/\/www.caribaea.org\/en\/#website","url":"https:\/\/www.caribaea.org\/en\/","name":"Caribaea Initiative","description":"","potentialAction":[{"@type":"SearchAction","target":{"@type":"EntryPoint","urlTemplate":"https:\/\/www.caribaea.org\/en\/?s={search_term_string}"},"query-input":{"@type":"PropertyValueSpecification","valueRequired":true,"valueName":"search_term_string"}}],"inLanguage":"fr-FR"}]}},"_links":{"self":[{"href":"https:\/\/www.caribaea.org\/fr\/wp-json\/wp\/v2\/pages\/2961","targetHints":{"allow":["GET"]}}],"collection":[{"href":"https:\/\/www.caribaea.org\/fr\/wp-json\/wp\/v2\/pages"}],"about":[{"href":"https:\/\/www.caribaea.org\/fr\/wp-json\/wp\/v2\/types\/page"}],"author":[{"embeddable":true,"href":"https:\/\/www.caribaea.org\/fr\/wp-json\/wp\/v2\/users\/1"}],"replies":[{"embeddable":true,"href":"https:\/\/www.caribaea.org\/fr\/wp-json\/wp\/v2\/comments?post=2961"}],"version-history":[{"count":3,"href":"https:\/\/www.caribaea.org\/fr\/wp-json\/wp\/v2\/pages\/2961\/revisions"}],"predecessor-version":[{"id":11929,"href":"https:\/\/www.caribaea.org\/fr\/wp-json\/wp\/v2\/pages\/2961\/revisions\/11929"}],"up":[{"embeddable":true,"href":"https:\/\/www.caribaea.org\/fr\/wp-json\/wp\/v2\/pages\/1650"}],"wp:attachment":[{"href":"https:\/\/www.caribaea.org\/fr\/wp-json\/wp\/v2\/media?parent=2961"}],"curies":[{"name":"wp","href":"https:\/\/api.w.org\/{rel}","templated":true}]}}