{"id":7511,"date":"2023-01-23T17:05:37","date_gmt":"2023-01-23T16:05:37","guid":{"rendered":"https:\/\/www.caribaea.org\/?page_id=7511"},"modified":"2023-11-07T11:49:35","modified_gmt":"2023-11-07T10:49:35","slug":"tous-les-projets-de-recherche","status":"publish","type":"page","link":"https:\/\/www.caribaea.org\/fr\/nos-projets\/tous-les-projets-de-recherche\/","title":{"rendered":"Projets \u00e9tudiants"},"content":{"rendered":"<div id=\"pl-7511\"  class=\"panel-layout\" ><div id=\"pg-7511-0\"  class=\"panel-grid panel-no-style\" ><div id=\"pgc-7511-0-0\"  class=\"panel-grid-cell\" ><div id=\"panel-7511-0-0-0\" class=\"so-panel widget widget_text panel-first-child\" data-index=\"0\" >\t\t\t<div class=\"textwidget\"><p>Notre mission consiste \u00e0 renforcer l\u2019expertise scientifique de la Cara\u00efbe insulaire en mati\u00e8re d\u2019\u00e9tude et de pr\u00e9servation de l&rsquo;exceptionnelle biodiversit\u00e9 de la r\u00e9gion. A ce titre, nous soutenons les \u00e9tudes et projets de recherche d\u2019\u00e9tudiants, essentiellement aux niveaux master et doctorat. Retrouvez ci-dessous les projets de recherche d\u2019\u00e9tudiants financ\u00e9s gr\u00e2ce \u00e0 Caribaea Initiative.<\/p>\n<p>Merci de noter que l\u2019association ne r\u00e9pond pas aux demandes de stages ou de soutien financier qu&rsquo;elle n&rsquo;a pas sollicit\u00e9es.<\/p>\n<\/div>\n\t\t<\/div><div id=\"panel-7511-0-0-1\" class=\"so-panel widget widget_sow-editor panel-last-child\" data-index=\"1\" ><div\n\t\t\t\n\t\t\tclass=\"so-widget-sow-editor so-widget-sow-editor-base\"\n\t\t\t\n\t\t>\n<div class=\"siteorigin-widget-tinymce textwidget\">\n\t<\/div>\n<\/div><\/div><\/div><\/div><\/div>","protected":false},"excerpt":{"rendered":"<p>Notre mission consiste \u00e0 renforcer l\u2019expertise scientifique de la Cara\u00efbe insulaire en mati\u00e8re d\u2019\u00e9tude et de pr\u00e9servation de l&rsquo;exceptionnelle biodiversit\u00e9 de la r\u00e9gion. A ce titre, nous soutenons les \u00e9tudes et projets de recherche d\u2019\u00e9tudiants, essentiellement aux niveaux master et doctorat. Retrouvez ci-dessous les projets de recherche d\u2019\u00e9tudiants financ\u00e9s gr\u00e2ce \u00e0 Caribaea Initiative. Merci de [&hellip;]<\/p>\n","protected":false},"author":1,"featured_media":0,"parent":2669,"menu_order":2,"comment_status":"closed","ping_status":"closed","template":"projets-themes-tous.php","meta":{"footnotes":""},"class_list":["post-7511","page","type-page","status-publish","hentry"],"yoast_head":"<!-- This site is optimized with the Yoast SEO plugin v26.6 - https:\/\/yoast.com\/wordpress\/plugins\/seo\/ -->\n<title>Projets \u00e9tudiants - Caribaea Initiative<\/title>\n<meta name=\"robots\" content=\"index, follow, max-snippet:-1, max-image-preview:large, max-video-preview:-1\" \/>\n<link rel=\"canonical\" href=\"https:\/\/www.caribaea.org\/fr\/nos-projets\/tous-les-projets-de-recherche\/\" \/>\n<meta property=\"og:locale\" content=\"fr_FR\" \/>\n<meta property=\"og:type\" content=\"article\" \/>\n<meta property=\"og:title\" content=\"Projets \u00e9tudiants - Caribaea Initiative\" \/>\n<meta property=\"og:description\" content=\"Notre mission consiste \u00e0 renforcer l\u2019expertise scientifique de la Cara\u00efbe insulaire en mati\u00e8re d\u2019\u00e9tude et de pr\u00e9servation de l&#039;exceptionnelle biodiversit\u00e9 de la r\u00e9gion. A ce titre, nous soutenons les \u00e9tudes et projets de recherche d\u2019\u00e9tudiants, essentiellement aux niveaux master et doctorat. Retrouvez ci-dessous les projets de recherche d\u2019\u00e9tudiants financ\u00e9s gr\u00e2ce \u00e0 Caribaea Initiative. Merci de [&hellip;]\" \/>\n<meta property=\"og:url\" content=\"https:\/\/www.caribaea.org\/fr\/nos-projets\/tous-les-projets-de-recherche\/\" \/>\n<meta property=\"og:site_name\" content=\"Caribaea Initiative\" \/>\n<meta property=\"article:modified_time\" content=\"2023-11-07T10:49:35+00:00\" \/>\n<meta name=\"twitter:card\" content=\"summary_large_image\" \/>\n<script type=\"application\/ld+json\" class=\"yoast-schema-graph\">{\"@context\":\"https:\/\/schema.org\",\"@graph\":[{\"@type\":\"WebPage\",\"@id\":\"https:\/\/www.caribaea.org\/fr\/nos-projets\/tous-les-projets-de-recherche\/\",\"url\":\"https:\/\/www.caribaea.org\/fr\/nos-projets\/tous-les-projets-de-recherche\/\",\"name\":\"Projets \u00e9tudiants - Caribaea Initiative\",\"isPartOf\":{\"@id\":\"https:\/\/www.caribaea.org\/en\/#website\"},\"datePublished\":\"2023-01-23T16:05:37+00:00\",\"dateModified\":\"2023-11-07T10:49:35+00:00\",\"breadcrumb\":{\"@id\":\"https:\/\/www.caribaea.org\/fr\/nos-projets\/tous-les-projets-de-recherche\/#breadcrumb\"},\"inLanguage\":\"fr-FR\",\"potentialAction\":[{\"@type\":\"ReadAction\",\"target\":[\"https:\/\/www.caribaea.org\/fr\/nos-projets\/tous-les-projets-de-recherche\/\"]}]},{\"@type\":\"BreadcrumbList\",\"@id\":\"https:\/\/www.caribaea.org\/fr\/nos-projets\/tous-les-projets-de-recherche\/#breadcrumb\",\"itemListElement\":[{\"@type\":\"ListItem\",\"position\":1,\"name\":\"Accueil\",\"item\":\"https:\/\/www.caribaea.org\/fr\/\"},{\"@type\":\"ListItem\",\"position\":2,\"name\":\"Nos projets\",\"item\":\"https:\/\/www.caribaea.org\/fr\/nos-projets\/\"},{\"@type\":\"ListItem\",\"position\":3,\"name\":\"Projets \u00e9tudiants\"}]},{\"@type\":\"WebSite\",\"@id\":\"https:\/\/www.caribaea.org\/en\/#website\",\"url\":\"https:\/\/www.caribaea.org\/en\/\",\"name\":\"Caribaea Initiative\",\"description\":\"\",\"potentialAction\":[{\"@type\":\"SearchAction\",\"target\":{\"@type\":\"EntryPoint\",\"urlTemplate\":\"https:\/\/www.caribaea.org\/en\/?s={search_term_string}\"},\"query-input\":{\"@type\":\"PropertyValueSpecification\",\"valueRequired\":true,\"valueName\":\"search_term_string\"}}],\"inLanguage\":\"fr-FR\"}]}<\/script>\n<!-- \/ Yoast SEO plugin. -->","yoast_head_json":{"title":"Projets \u00e9tudiants - Caribaea Initiative","robots":{"index":"index","follow":"follow","max-snippet":"max-snippet:-1","max-image-preview":"max-image-preview:large","max-video-preview":"max-video-preview:-1"},"canonical":"https:\/\/www.caribaea.org\/fr\/nos-projets\/tous-les-projets-de-recherche\/","og_locale":"fr_FR","og_type":"article","og_title":"Projets \u00e9tudiants - Caribaea Initiative","og_description":"Notre mission consiste \u00e0 renforcer l\u2019expertise scientifique de la Cara\u00efbe insulaire en mati\u00e8re d\u2019\u00e9tude et de pr\u00e9servation de l'exceptionnelle biodiversit\u00e9 de la r\u00e9gion. A ce titre, nous soutenons les \u00e9tudes et projets de recherche d\u2019\u00e9tudiants, essentiellement aux niveaux master et doctorat. Retrouvez ci-dessous les projets de recherche d\u2019\u00e9tudiants financ\u00e9s gr\u00e2ce \u00e0 Caribaea Initiative. Merci de [&hellip;]","og_url":"https:\/\/www.caribaea.org\/fr\/nos-projets\/tous-les-projets-de-recherche\/","og_site_name":"Caribaea Initiative","article_modified_time":"2023-11-07T10:49:35+00:00","twitter_card":"summary_large_image","schema":{"@context":"https:\/\/schema.org","@graph":[{"@type":"WebPage","@id":"https:\/\/www.caribaea.org\/fr\/nos-projets\/tous-les-projets-de-recherche\/","url":"https:\/\/www.caribaea.org\/fr\/nos-projets\/tous-les-projets-de-recherche\/","name":"Projets \u00e9tudiants - Caribaea Initiative","isPartOf":{"@id":"https:\/\/www.caribaea.org\/en\/#website"},"datePublished":"2023-01-23T16:05:37+00:00","dateModified":"2023-11-07T10:49:35+00:00","breadcrumb":{"@id":"https:\/\/www.caribaea.org\/fr\/nos-projets\/tous-les-projets-de-recherche\/#breadcrumb"},"inLanguage":"fr-FR","potentialAction":[{"@type":"ReadAction","target":["https:\/\/www.caribaea.org\/fr\/nos-projets\/tous-les-projets-de-recherche\/"]}]},{"@type":"BreadcrumbList","@id":"https:\/\/www.caribaea.org\/fr\/nos-projets\/tous-les-projets-de-recherche\/#breadcrumb","itemListElement":[{"@type":"ListItem","position":1,"name":"Accueil","item":"https:\/\/www.caribaea.org\/fr\/"},{"@type":"ListItem","position":2,"name":"Nos projets","item":"https:\/\/www.caribaea.org\/fr\/nos-projets\/"},{"@type":"ListItem","position":3,"name":"Projets \u00e9tudiants"}]},{"@type":"WebSite","@id":"https:\/\/www.caribaea.org\/en\/#website","url":"https:\/\/www.caribaea.org\/en\/","name":"Caribaea Initiative","description":"","potentialAction":[{"@type":"SearchAction","target":{"@type":"EntryPoint","urlTemplate":"https:\/\/www.caribaea.org\/en\/?s={search_term_string}"},"query-input":{"@type":"PropertyValueSpecification","valueRequired":true,"valueName":"search_term_string"}}],"inLanguage":"fr-FR"}]}},"_links":{"self":[{"href":"https:\/\/www.caribaea.org\/fr\/wp-json\/wp\/v2\/pages\/7511","targetHints":{"allow":["GET"]}}],"collection":[{"href":"https:\/\/www.caribaea.org\/fr\/wp-json\/wp\/v2\/pages"}],"about":[{"href":"https:\/\/www.caribaea.org\/fr\/wp-json\/wp\/v2\/types\/page"}],"author":[{"embeddable":true,"href":"https:\/\/www.caribaea.org\/fr\/wp-json\/wp\/v2\/users\/1"}],"replies":[{"embeddable":true,"href":"https:\/\/www.caribaea.org\/fr\/wp-json\/wp\/v2\/comments?post=7511"}],"version-history":[{"count":3,"href":"https:\/\/www.caribaea.org\/fr\/wp-json\/wp\/v2\/pages\/7511\/revisions"}],"predecessor-version":[{"id":9003,"href":"https:\/\/www.caribaea.org\/fr\/wp-json\/wp\/v2\/pages\/7511\/revisions\/9003"}],"up":[{"embeddable":true,"href":"https:\/\/www.caribaea.org\/fr\/wp-json\/wp\/v2\/pages\/2669"}],"wp:attachment":[{"href":"https:\/\/www.caribaea.org\/fr\/wp-json\/wp\/v2\/media?parent=7511"}],"curies":[{"name":"wp","href":"https:\/\/api.w.org\/{rel}","templated":true}]}}